{"id":449,"date":"2022-02-25T10:39:39","date_gmt":"2022-02-25T10:39:39","guid":{"rendered":"http:\/\/leifkoch.dk.linux134.unoeuro-server.com\/?page_id=449"},"modified":"2025-05-13T09:39:37","modified_gmt":"2025-05-13T09:39:37","slug":"skraeddersyede-kurser","status":"publish","type":"page","link":"https:\/\/dwi.dk\/en\/skraeddersyede-kurser\/","title":{"rendered":"Tailor-made courses"},"content":{"rendered":"<div data-elementor-type=\"wp-page\" data-elementor-id=\"449\" class=\"elementor elementor-449\">\n\t\t\t\t\t\t<section class=\"elementor-section elementor-top-section elementor-element elementor-element-4aa7001a elementor-section-boxed elementor-section-height-default elementor-section-height-default wpr-particle-no wpr-jarallax-no wpr-parallax-no wpr-sticky-section-no wpr-equal-height-no\" data-id=\"4aa7001a\" data-element_type=\"section\" data-e-type=\"section\">\n\t\t\t\t\t\t<div class=\"elementor-container elementor-column-gap-wider\">\n\t\t\t\t\t<div class=\"elementor-column elementor-col-100 elementor-top-column elementor-element elementor-element-7706e1e4\" data-id=\"7706e1e4\" data-element_type=\"column\" data-e-type=\"column\">\n\t\t\t<div class=\"elementor-widget-wrap elementor-element-populated\">\n\t\t\t\t\t\t<div class=\"elementor-element elementor-element-3c2feccb elementor-widget elementor-widget-heading\" data-id=\"3c2feccb\" data-element_type=\"widget\" data-e-type=\"widget\" data-widget_type=\"heading.default\">\n\t\t\t\t<div class=\"elementor-widget-container\">\n\t\t\t\t\t<h1 class=\"elementor-heading-title elementor-size-default\">Tailor-made courses<\/h1>\t\t\t\t<\/div>\n\t\t\t\t<\/div>\n\t\t\t\t<div class=\"elementor-element elementor-element-53eb917a elementor-widget elementor-widget-text-editor\" data-id=\"53eb917a\" data-element_type=\"widget\" data-e-type=\"widget\" data-widget_type=\"text-editor.default\">\n\t\t\t\t<div class=\"elementor-widget-container\">\n\t\t\t\t\t\t\t\t\t<p>Do you want to immerse yourself in a specific leak detection technique, or do you want to improve your existing skills?<br \/>Then a specially designed course might be for you.<br \/>The course is structured according to your needs and wishes.<\/p>\t\t\t\t\t\t\t\t<\/div>\n\t\t\t\t<\/div>\n\t\t\t\t<div class=\"elementor-element elementor-element-6210ed45 elementor-widget elementor-widget-heading\" data-id=\"6210ed45\" data-element_type=\"widget\" data-e-type=\"widget\" data-widget_type=\"heading.default\">\n\t\t\t\t<div class=\"elementor-widget-container\">\n\t\t\t\t\t<h3 class=\"elementor-heading-title elementor-size-default\">We offer tailor-made courses in:<\/h3>\t\t\t\t<\/div>\n\t\t\t\t<\/div>\n\t\t\t\t<div class=\"elementor-element elementor-element-7eee360f elementor-widget elementor-widget-text-editor\" data-id=\"7eee360f\" data-element_type=\"widget\" data-e-type=\"widget\" data-widget_type=\"text-editor.default\">\n\t\t\t\t<div class=\"elementor-widget-container\">\n\t\t\t\t\t\t\t\t\t<ul><li>Proactive leak detection<\/li><li>Wire search<\/li><li>Online leak monitoring<\/li><li>Data loggers - leakage noise, flow and pressure<\/li><li>Personal protection<\/li><\/ul>\t\t\t\t\t\t\t\t<\/div>\n\t\t\t\t<\/div>\n\t\t\t\t<div class=\"elementor-element elementor-element-2ec15d03 elementor-widget elementor-widget-text-editor\" data-id=\"2ec15d03\" data-element_type=\"widget\" data-e-type=\"widget\" data-widget_type=\"text-editor.default\">\n\t\t\t\t<div class=\"elementor-widget-container\">\n\t\t\t\t\t\t\t\t\t<p>The course is organized according to ability and need, and can be completed on our test track or with you.<br \/><br \/>Teaching and training are balanced between theoretical knowledge and application in practice.<br \/>\u00a0<br \/>Ideally, the student&#039;s own instruments are used, but we are happy to arrange training in other instruments that are included in our range.<br \/><br \/>Since some of the course can take place outdoors, it is a good idea to bring clothes and shoes that suit the weather.<br \/>\u00a0<br \/>In connection with the course we can arrange an informal social event.<br \/><br \/>Accommodation can be arranged.<\/p>\t\t\t\t\t\t\t\t<\/div>\n\t\t\t\t<\/div>\n\t\t\t\t<div class=\"elementor-element elementor-element-4743e972 elementor-widget elementor-widget-image\" data-id=\"4743e972\" data-element_type=\"widget\" data-e-type=\"widget\" data-widget_type=\"image.default\">\n\t\t\t\t<div class=\"elementor-widget-container\">\n\t\t\t\t\t\t\t\t\t\t\t\t\t\t\t<img decoding=\"async\" src=\"http:\/\/dwi.dk\/wp-content\/uploads\/2022\/10\/MG_5526-scaled.jpg\" title=\"\" alt=\"\" loading=\"lazy\" \/>\t\t\t\t\t\t\t\t\t\t\t\t\t\t\t<\/div>\n\t\t\t\t<\/div>\n\t\t\t\t<div class=\"elementor-element elementor-element-3d65f44 elementor-widget elementor-widget-text-editor\" data-id=\"3d65f44\" data-element_type=\"widget\" data-e-type=\"widget\" data-widget_type=\"text-editor.default\">\n\t\t\t\t<div class=\"elementor-widget-container\">\n\t\t\t\t\t\t\t\t\t<p>Contact us by phone<a href=\"tel:70239898\"> 31 72 31 31<\/a> or by mail\u00a0<a href=\"mailto:info@dwi.dk\" target=\"_blank\" rel=\"noopener\">info@dwi.dk<\/a>. Then together we will find the best solution for you.<\/p>\t\t\t\t\t\t\t\t<\/div>\n\t\t\t\t<\/div>\n\t\t\t\t\t<\/div>\n\t\t<\/div>\n\t\t\t\t\t<\/div>\n\t\t<\/section>\n\t\t<div class=\"elementor-element elementor-element-bd04b1a e-flex e-con-boxed wpr-particle-no wpr-jarallax-no wpr-parallax-no wpr-sticky-section-no wpr-equal-height-no e-con e-parent\" data-id=\"bd04b1a\" data-element_type=\"container\" data-e-type=\"container\" data-settings=\"{&quot;background_background&quot;:&quot;classic&quot;}\">\n\t\t\t\t\t<div class=\"e-con-inner\">\n\t\t\t\t<div class=\"elementor-element elementor-element-7e12b48 elementor-widget elementor-widget-form\" data-id=\"7e12b48\" data-element_type=\"widget\" data-e-type=\"widget\" data-widget_type=\"form.default\">\n\t\t\t\t<div class=\"elementor-widget-container\">\n\t\t\t\t\t \t\t\t\t<\/div>\n\t\t\t\t<\/div>\n\t\t\t\t\t<\/div>\n\t\t\t\t<\/div>\n\t\t\t\t<\/div>","protected":false},"excerpt":{"rendered":"<p>Skr\u00e6ddersyede kurser \u00d8nsker I at fordybe jer i en bestemt l\u00e6kagesporingsteknik, eller vil I forbedre jeres eksisterende evner?S\u00e5 er et specielt tilrettelagt kursus m\u00e5ske noget for dig.Kurset bliver struktureret efter dine behov og \u00f8nsker. Vi tilbyder skr\u00e6ddersyede kurser i: Proaktiv l\u00e6kagesporing Ledningss\u00f8gning Online l\u00e6kageoverv\u00e5gning Dataloggere \u2013 l\u00e6kagest\u00f8j, flow og tryk Personbeskyttelse Kurset tilrettel\u00e6gges efter evne og behov, og kan afvikles p\u00e5 vores pr\u00f8vebane eller hos jer. Undervisning og tr\u00e6ning er balanceret mellem teoretisk viden og anvendelse i praksis.\u00a0Ideelt set anvendes kursistens egne instrumenter, men vi arrangerer gerne opl\u00e6ring i andre instrumenter som indg\u00e5r i vores sortiment. Da noget af kurset kan foreg\u00e5 udend\u00f8rs, er det en god id\u00e9 at medbringe t\u00f8j og sko, der passer til vejret.\u00a0I forbindelse med kurset kan vi arrangere en uformel social begivenhed. Indkvartering kan arrangeres. Per S\u00f8rensen | Salgschef Mobil: +45 31 72 31 31 Mail: pso@leifkoch.dk Kontakt os p\u00e5 telefon 31 72 31 31 eller p\u00e5 mail\u00a0info@dwi.dk. S\u00e5 finder vi sammen den bedste l\u00f8sning til dig.<\/p>","protected":false},"author":5,"featured_media":0,"parent":0,"menu_order":0,"comment_status":"closed","ping_status":"closed","template":"","meta":{"_eb_attr":"","footnotes":""},"class_list":["post-449","page","type-page","status-publish","hentry"],"yoast_head":"<!-- This site is optimized with the Yoast SEO plugin v27.6 - https:\/\/yoast.com\/product\/yoast-seo-wordpress\/ -->\n<title>Skr\u00e6ddersyede kurser - DWI<\/title>\n<meta name=\"description\" content=\"\u00d8nsker I at fordybe jer i en bestemt l\u00e6kagesporingsteknik, eller vil I forbedre jeres eksisterende evner?\" \/>\n<meta name=\"robots\" content=\"index, follow, max-snippet:-1, max-image-preview:large, max-video-preview:-1\" \/>\n<link rel=\"canonical\" href=\"https:\/\/dwi.dk\/en\/skraeddersyede-kurser\/\" \/>\n<meta property=\"og:locale\" content=\"en_US\" \/>\n<meta property=\"og:type\" content=\"article\" \/>\n<meta property=\"og:title\" content=\"Skr\u00e6ddersyede kurser - DWI\" \/>\n<meta property=\"og:description\" content=\"\u00d8nsker I at fordybe jer i en bestemt l\u00e6kagesporingsteknik, eller vil I forbedre jeres eksisterende evner?\" \/>\n<meta property=\"og:url\" content=\"https:\/\/dwi.dk\/en\/skraeddersyede-kurser\/\" \/>\n<meta property=\"og:site_name\" content=\"DWI\" \/>\n<meta property=\"article:publisher\" content=\"https:\/\/www.facebook.com\/firmaleifkoch\" \/>\n<meta property=\"article:modified_time\" content=\"2025-05-13T09:39:37+00:00\" \/>\n<meta property=\"og:image\" content=\"http:\/\/dwi.dk\/wp-content\/uploads\/2022\/10\/MG_5526-1024x683.jpg\" \/>\n<meta name=\"twitter:card\" content=\"summary_large_image\" \/>\n<meta name=\"twitter:label1\" content=\"Est. reading time\" \/>\n\t<meta name=\"twitter:data1\" content=\"2 minutes\" \/>\n<script type=\"application\/ld+json\" class=\"yoast-schema-graph\">{\"@context\":\"https:\\\/\\\/schema.org\",\"@graph\":[{\"@type\":\"WebPage\",\"@id\":\"https:\\\/\\\/dwi.dk\\\/skraeddersyede-kurser\\\/\",\"url\":\"https:\\\/\\\/dwi.dk\\\/skraeddersyede-kurser\\\/\",\"name\":\"Skr\u00e6ddersyede kurser - DWI\",\"isPartOf\":{\"@id\":\"https:\\\/\\\/dwi.dk\\\/#website\"},\"primaryImageOfPage\":{\"@id\":\"https:\\\/\\\/dwi.dk\\\/skraeddersyede-kurser\\\/#primaryimage\"},\"image\":{\"@id\":\"https:\\\/\\\/dwi.dk\\\/skraeddersyede-kurser\\\/#primaryimage\"},\"thumbnailUrl\":\"http:\\\/\\\/dwi.dk\\\/wp-content\\\/uploads\\\/2022\\\/10\\\/MG_5526-1024x683.jpg\",\"datePublished\":\"2022-02-25T10:39:39+00:00\",\"dateModified\":\"2025-05-13T09:39:37+00:00\",\"description\":\"\u00d8nsker I at fordybe jer i en bestemt l\u00e6kagesporingsteknik, eller vil I forbedre jeres eksisterende evner?\",\"breadcrumb\":{\"@id\":\"https:\\\/\\\/dwi.dk\\\/skraeddersyede-kurser\\\/#breadcrumb\"},\"inLanguage\":\"en-US\",\"potentialAction\":[{\"@type\":\"ReadAction\",\"target\":[\"https:\\\/\\\/dwi.dk\\\/skraeddersyede-kurser\\\/\"]}]},{\"@type\":\"ImageObject\",\"inLanguage\":\"en-US\",\"@id\":\"https:\\\/\\\/dwi.dk\\\/skraeddersyede-kurser\\\/#primaryimage\",\"url\":\"http:\\\/\\\/dwi.dk\\\/wp-content\\\/uploads\\\/2022\\\/10\\\/MG_5526-1024x683.jpg\",\"contentUrl\":\"http:\\\/\\\/dwi.dk\\\/wp-content\\\/uploads\\\/2022\\\/10\\\/MG_5526-1024x683.jpg\"},{\"@type\":\"BreadcrumbList\",\"@id\":\"https:\\\/\\\/dwi.dk\\\/skraeddersyede-kurser\\\/#breadcrumb\",\"itemListElement\":[{\"@type\":\"ListItem\",\"position\":1,\"name\":\"Hjem\",\"item\":\"https:\\\/\\\/dwi.dk\\\/\"},{\"@type\":\"ListItem\",\"position\":2,\"name\":\"Skr\u00e6ddersyede kurser\"}]},{\"@type\":\"WebSite\",\"@id\":\"https:\\\/\\\/dwi.dk\\\/#website\",\"url\":\"https:\\\/\\\/dwi.dk\\\/\",\"name\":\"DWI\",\"description\":\"L\u00e6kagesporing af professionelle l\u00e6kageoperat\u00f8rer\",\"publisher\":{\"@id\":\"https:\\\/\\\/dwi.dk\\\/#organization\"},\"potentialAction\":[{\"@type\":\"SearchAction\",\"target\":{\"@type\":\"EntryPoint\",\"urlTemplate\":\"https:\\\/\\\/dwi.dk\\\/?s={search_term_string}\"},\"query-input\":{\"@type\":\"PropertyValueSpecification\",\"valueRequired\":true,\"valueName\":\"search_term_string\"}}],\"inLanguage\":\"en-US\"},{\"@type\":\"Organization\",\"@id\":\"https:\\\/\\\/dwi.dk\\\/#organization\",\"name\":\"DWI\",\"url\":\"https:\\\/\\\/dwi.dk\\\/\",\"logo\":{\"@type\":\"ImageObject\",\"inLanguage\":\"en-US\",\"@id\":\"https:\\\/\\\/dwi.dk\\\/#\\\/schema\\\/logo\\\/image\\\/\",\"url\":\"http:\\\/\\\/dwi.dk\\\/wp-content\\\/uploads\\\/2022\\\/02\\\/Logo-leifkoch-2.png\",\"contentUrl\":\"http:\\\/\\\/dwi.dk\\\/wp-content\\\/uploads\\\/2022\\\/02\\\/Logo-leifkoch-2.png\",\"width\":275,\"height\":70,\"caption\":\"DWI\"},\"image\":{\"@id\":\"https:\\\/\\\/dwi.dk\\\/#\\\/schema\\\/logo\\\/image\\\/\"},\"sameAs\":[\"https:\\\/\\\/www.facebook.com\\\/firmaleifkoch\",\"https:\\\/\\\/www.linkedin.com\\\/company\\\/2576149\",\"https:\\\/\\\/www.youtube.com\\\/channel\\\/UC4mTQfh2skhYl1-JUcS17Gw\"]}]}<\/script>\n<!-- \/ Yoast SEO plugin. -->","yoast_head_json":{"title":"Tailor-made courses - DWI","description":"Do you want to immerse yourself in a specific leak detection technique, or do you want to improve your existing skills?","robots":{"index":"index","follow":"follow","max-snippet":"max-snippet:-1","max-image-preview":"max-image-preview:large","max-video-preview":"max-video-preview:-1"},"canonical":"https:\/\/dwi.dk\/en\/skraeddersyede-kurser\/","og_locale":"en_US","og_type":"article","og_title":"Skr\u00e6ddersyede kurser - DWI","og_description":"\u00d8nsker I at fordybe jer i en bestemt l\u00e6kagesporingsteknik, eller vil I forbedre jeres eksisterende evner?","og_url":"https:\/\/dwi.dk\/en\/skraeddersyede-kurser\/","og_site_name":"DWI","article_publisher":"https:\/\/www.facebook.com\/firmaleifkoch","article_modified_time":"2025-05-13T09:39:37+00:00","og_image":[{"url":"http:\/\/dwi.dk\/wp-content\/uploads\/2022\/10\/MG_5526-1024x683.jpg","type":"","width":"","height":""}],"twitter_card":"summary_large_image","twitter_misc":{"Est. reading time":"2 minutes"},"schema":{"@context":"https:\/\/schema.org","@graph":[{"@type":"WebPage","@id":"https:\/\/dwi.dk\/skraeddersyede-kurser\/","url":"https:\/\/dwi.dk\/skraeddersyede-kurser\/","name":"Tailor-made courses - DWI","isPartOf":{"@id":"https:\/\/dwi.dk\/#website"},"primaryImageOfPage":{"@id":"https:\/\/dwi.dk\/skraeddersyede-kurser\/#primaryimage"},"image":{"@id":"https:\/\/dwi.dk\/skraeddersyede-kurser\/#primaryimage"},"thumbnailUrl":"http:\/\/dwi.dk\/wp-content\/uploads\/2022\/10\/MG_5526-1024x683.jpg","datePublished":"2022-02-25T10:39:39+00:00","dateModified":"2025-05-13T09:39:37+00:00","description":"Do you want to immerse yourself in a specific leak detection technique, or do you want to improve your existing skills?","breadcrumb":{"@id":"https:\/\/dwi.dk\/skraeddersyede-kurser\/#breadcrumb"},"inLanguage":"en-US","potentialAction":[{"@type":"ReadAction","target":["https:\/\/dwi.dk\/skraeddersyede-kurser\/"]}]},{"@type":"ImageObject","inLanguage":"en-US","@id":"https:\/\/dwi.dk\/skraeddersyede-kurser\/#primaryimage","url":"http:\/\/dwi.dk\/wp-content\/uploads\/2022\/10\/MG_5526-1024x683.jpg","contentUrl":"http:\/\/dwi.dk\/wp-content\/uploads\/2022\/10\/MG_5526-1024x683.jpg"},{"@type":"BreadcrumbList","@id":"https:\/\/dwi.dk\/skraeddersyede-kurser\/#breadcrumb","itemListElement":[{"@type":"ListItem","position":1,"name":"Hjem","item":"https:\/\/dwi.dk\/"},{"@type":"ListItem","position":2,"name":"Skr\u00e6ddersyede kurser"}]},{"@type":"WebSite","@id":"https:\/\/dwi.dk\/#website","url":"https:\/\/dwi.dk\/","name":"DWI A \/ S","description":"Leak detection by professional leak operators","publisher":{"@id":"https:\/\/dwi.dk\/#organization"},"potentialAction":[{"@type":"SearchAction","target":{"@type":"EntryPoint","urlTemplate":"https:\/\/dwi.dk\/?s={search_term_string}"},"query-input":{"@type":"PropertyValueSpecification","valueRequired":true,"valueName":"search_term_string"}}],"inLanguage":"en-US"},{"@type":"Organization","@id":"https:\/\/dwi.dk\/#organization","name":"DWI A \/ S","url":"https:\/\/dwi.dk\/","logo":{"@type":"ImageObject","inLanguage":"en-US","@id":"https:\/\/dwi.dk\/#\/schema\/logo\/image\/","url":"http:\/\/dwi.dk\/wp-content\/uploads\/2022\/02\/Logo-leifkoch-2.png","contentUrl":"http:\/\/dwi.dk\/wp-content\/uploads\/2022\/02\/Logo-leifkoch-2.png","width":275,"height":70,"caption":"DWI"},"image":{"@id":"https:\/\/dwi.dk\/#\/schema\/logo\/image\/"},"sameAs":["https:\/\/www.facebook.com\/firmaleifkoch","https:\/\/www.linkedin.com\/company\/2576149","https:\/\/www.youtube.com\/channel\/UC4mTQfh2skhYl1-JUcS17Gw"]}]}},"_links":{"self":[{"href":"https:\/\/dwi.dk\/en\/wp-json\/wp\/v2\/pages\/449","targetHints":{"allow":["GET"]}}],"collection":[{"href":"https:\/\/dwi.dk\/en\/wp-json\/wp\/v2\/pages"}],"about":[{"href":"https:\/\/dwi.dk\/en\/wp-json\/wp\/v2\/types\/page"}],"author":[{"embeddable":true,"href":"https:\/\/dwi.dk\/en\/wp-json\/wp\/v2\/users\/5"}],"replies":[{"embeddable":true,"href":"https:\/\/dwi.dk\/en\/wp-json\/wp\/v2\/comments?post=449"}],"version-history":[{"count":24,"href":"https:\/\/dwi.dk\/en\/wp-json\/wp\/v2\/pages\/449\/revisions"}],"predecessor-version":[{"id":4886,"href":"https:\/\/dwi.dk\/en\/wp-json\/wp\/v2\/pages\/449\/revisions\/4886"}],"wp:attachment":[{"href":"https:\/\/dwi.dk\/en\/wp-json\/wp\/v2\/media?parent=449"}],"curies":[{"name":"wp","href":"https:\/\/api.w.org\/{rel}","templated":true}]}}