{"id":4355,"date":"2025-01-23T11:55:28","date_gmt":"2025-01-23T11:55:28","guid":{"rendered":"https:\/\/leifkoch.dk\/?page_id=4355"},"modified":"2025-01-23T12:18:00","modified_gmt":"2025-01-23T12:18:00","slug":"zonescan-nb-lot","status":"publish","type":"page","link":"https:\/\/dwi.dk\/en\/zonescan-nb-lot\/","title":{"rendered":"ZONESCAN NB-loT"},"content":{"rendered":"\t\t<div data-elementor-type=\"wp-page\" data-elementor-id=\"4355\" class=\"elementor elementor-4355\">\n\t\t\t\t\t\t<section class=\"elementor-section elementor-top-section elementor-element elementor-element-7144652e elementor-section-boxed elementor-section-height-default elementor-section-height-default wpr-particle-no wpr-jarallax-no wpr-parallax-no wpr-sticky-section-no wpr-equal-height-no\" data-id=\"7144652e\" data-element_type=\"section\" data-e-type=\"section\">\n\t\t\t\t\t\t<div class=\"elementor-container elementor-column-gap-wider\">\n\t\t\t\t\t<div class=\"elementor-column elementor-col-50 elementor-top-column elementor-element elementor-element-2e28d864\" data-id=\"2e28d864\" data-element_type=\"column\" data-e-type=\"column\">\n\t\t\t<div class=\"elementor-widget-wrap elementor-element-populated\">\n\t\t\t\t\t\t<div class=\"elementor-element elementor-element-7a81aa6d elementor-widget elementor-widget-heading\" data-id=\"7a81aa6d\" data-element_type=\"widget\" data-e-type=\"widget\" data-widget_type=\"heading.default\">\n\t\t\t\t<div class=\"elementor-widget-container\">\n\t\t\t\t\t<h2 class=\"elementor-heading-title elementor-size-default\">ZONESCAN NB-loT<\/h2>\t\t\t\t<\/div>\n\t\t\t\t<\/div>\n\t\t\t\t<div class=\"elementor-element elementor-element-23440f34 elementor-widget-divider--view-line elementor-widget elementor-widget-divider\" data-id=\"23440f34\" data-element_type=\"widget\" data-e-type=\"widget\" data-widget_type=\"divider.default\">\n\t\t\t\t<div class=\"elementor-widget-container\">\n\t\t\t\t\t\t\t<div class=\"elementor-divider\">\n\t\t\t<span class=\"elementor-divider-separator\">\n\t\t\t\t\t\t<\/span>\n\t\t<\/div>\n\t\t\t\t\t\t<\/div>\n\t\t\t\t<\/div>\n\t\t\t\t<div class=\"elementor-element elementor-element-3e7a0515 elementor-widget-laptop__width-initial elementor-widget elementor-widget-text-editor\" data-id=\"3e7a0515\" data-element_type=\"widget\" data-e-type=\"widget\" data-widget_type=\"text-editor.default\">\n\t\t\t\t<div class=\"elementor-widget-container\">\n\t\t\t\t\t\t\t\t\t<h3 data-pm-slice=\"1 1 []\">En permanent l\u00e6kagedetektionsoverv\u00e5gningsl\u00f8sning til n\u00e6ste generation \u2013 ved hj\u00e6lp af kunstig intelligens.<\/h3><p data-pm-slice=\"1 1 []\">ZONESCAN AI er den fuldt kompatible efterf\u00f8lgermodel til ZONESCAN NB-IoT, som opn\u00e5ede en verdensomsp\u00e6ndende installationsbase p\u00e5 over 50.000 loggere p\u00e5 mindre end fire \u00e5r.<\/p>\t\t\t\t\t\t\t\t<\/div>\n\t\t\t\t<\/div>\n\t\t\t\t\t<\/div>\n\t\t<\/div>\n\t\t\t\t<div class=\"elementor-column elementor-col-50 elementor-top-column elementor-element elementor-element-3ab2a08f\" data-id=\"3ab2a08f\" data-element_type=\"column\" data-e-type=\"column\" data-settings=\"{&quot;background_background&quot;:&quot;classic&quot;}\">\n\t\t\t<div class=\"elementor-widget-wrap elementor-element-populated\">\n\t\t\t\t\t\t<div class=\"elementor-element elementor-element-348c4582 elementor-widget elementor-widget-heading\" data-id=\"348c4582\" data-element_type=\"widget\" data-e-type=\"widget\" data-widget_type=\"heading.default\">\n\t\t\t\t<div class=\"elementor-widget-container\">\n\t\t\t\t\t<h3 class=\"elementor-heading-title elementor-size-default\">Har du sp\u00f8rgsm\u00e5l til\nZONESCAN NB-loT?<\/h3>\t\t\t\t<\/div>\n\t\t\t\t<\/div>\n\t\t\t\t<div class=\"elementor-element elementor-element-3460c6c8 elementor-widget elementor-widget-text-editor\" data-id=\"3460c6c8\" data-element_type=\"widget\" data-e-type=\"widget\" data-widget_type=\"text-editor.default\">\n\t\t\t\t<div class=\"elementor-widget-container\">\n\t\t\t\t\t\t\t\t\t<p>Du er altid velkommen til at kontakte os p\u00e5 telefon\u00a0<strong>+45 31 72 31 31<\/strong>, eller via formularen hvis du har sp\u00f8rgsm\u00e5l til produktet.<\/p>\t\t\t\t\t\t\t\t<\/div>\n\t\t\t\t<\/div>\n\t\t\t\t<div class=\"elementor-element elementor-element-511c22df elementor-widget elementor-widget-image\" data-id=\"511c22df\" data-element_type=\"widget\" data-e-type=\"widget\" data-widget_type=\"image.default\">\n\t\t\t\t<div class=\"elementor-widget-container\">\n\t\t\t\t\t\t\t\t\t\t\t\t\t\t\t\t<a href=\"http:\/\/dwi.dk\/wp-content\/uploads\/2025\/01\/ZONESCAN_NB-IoT_Main_Image_-_logger_plus_antenna1-scaled.jpg\" data-elementor-open-lightbox=\"yes\" data-elementor-lightbox-title=\"ZONESCAN_NB-IoT_Main_Image_-_logger_plus_antenna[1]\" data-e-action-hash=\"#elementor-action%3Aaction%3Dlightbox%26settings%3DeyJpZCI6NDI1OSwidXJsIjoiaHR0cHM6XC9cL2R3aS5ka1wvd3AtY29udGVudFwvdXBsb2Fkc1wvMjAyNVwvMDFcL1pPTkVTQ0FOX05CLUlvVF9NYWluX0ltYWdlXy1fbG9nZ2VyX3BsdXNfYW50ZW5uYTEtc2NhbGVkLmpwZyJ9\">\n\t\t\t\t\t\t\t<img fetchpriority=\"high\" decoding=\"async\" width=\"2043\" height=\"2560\" src=\"https:\/\/dwi.dk\/wp-content\/uploads\/2025\/01\/ZONESCAN_NB-IoT_Main_Image_-_logger_plus_antenna1-scaled.jpg\" class=\"attachment-full size-full wp-image-4259\" alt=\"\" srcset=\"https:\/\/dwi.dk\/wp-content\/uploads\/2025\/01\/ZONESCAN_NB-IoT_Main_Image_-_logger_plus_antenna1-scaled.jpg 2043w, https:\/\/dwi.dk\/wp-content\/uploads\/2025\/01\/ZONESCAN_NB-IoT_Main_Image_-_logger_plus_antenna1-239x300.jpg 239w, https:\/\/dwi.dk\/wp-content\/uploads\/2025\/01\/ZONESCAN_NB-IoT_Main_Image_-_logger_plus_antenna1-817x1024.jpg 817w, https:\/\/dwi.dk\/wp-content\/uploads\/2025\/01\/ZONESCAN_NB-IoT_Main_Image_-_logger_plus_antenna1-768x962.jpg 768w, https:\/\/dwi.dk\/wp-content\/uploads\/2025\/01\/ZONESCAN_NB-IoT_Main_Image_-_logger_plus_antenna1-1226x1536.jpg 1226w, https:\/\/dwi.dk\/wp-content\/uploads\/2025\/01\/ZONESCAN_NB-IoT_Main_Image_-_logger_plus_antenna1-1634x2048.jpg 1634w, https:\/\/dwi.dk\/wp-content\/uploads\/2025\/01\/ZONESCAN_NB-IoT_Main_Image_-_logger_plus_antenna1-10x12.jpg 10w\" sizes=\"(max-width: 2043px) 100vw, 2043px\" \/>\t\t\t\t\t\t\t\t<\/a>\n\t\t\t\t\t\t\t\t\t\t\t\t\t\t\t<\/div>\n\t\t\t\t<\/div>\n\t\t\t\t<div class=\"elementor-element elementor-element-6aeaafd4 elementor-widget elementor-widget-form\" data-id=\"6aeaafd4\" data-element_type=\"widget\" data-e-type=\"widget\" data-widget_type=\"form.default\">\n\t\t\t\t<div class=\"elementor-widget-container\">\n\t\t\t\t\t \t\t\t\t<\/div>\n\t\t\t\t<\/div>\n\t\t\t\t\t<\/div>\n\t\t<\/div>\n\t\t\t\t\t<\/div>\n\t\t<\/section>\n\t\t\t\t<\/div>\n\t\t","protected":false},"excerpt":{"rendered":"<p>ZONESCAN NB-loT En permanent l\u00e6kagedetektionsoverv\u00e5gningsl\u00f8sning til n\u00e6ste generation \u2013 ved hj\u00e6lp af kunstig intelligens. ZONESCAN AI er den fuldt kompatible efterf\u00f8lgermodel til ZONESCAN NB-IoT, som opn\u00e5ede en verdensomsp\u00e6ndende installationsbase p\u00e5 over 50.000 loggere p\u00e5 mindre end fire \u00e5r. Har du sp\u00f8rgsm\u00e5l til ZONESCAN NB-loT? Du er altid velkommen til at kontakte os p\u00e5 telefon\u00a0+45 31 72 31 31, eller via formularen hvis du har sp\u00f8rgsm\u00e5l til produktet.<\/p>","protected":false},"author":5,"featured_media":0,"parent":0,"menu_order":0,"comment_status":"closed","ping_status":"closed","template":"","meta":{"_eb_attr":"","footnotes":""},"class_list":["post-4355","page","type-page","status-publish","hentry"],"yoast_head":"<!-- This site is optimized with the Yoast SEO plugin v27.6 - https:\/\/yoast.com\/product\/yoast-seo-wordpress\/ -->\n<title>ZONESCAN NB-loT - DWI<\/title>\n<meta name=\"robots\" content=\"index, follow, max-snippet:-1, max-image-preview:large, max-video-preview:-1\" \/>\n<link rel=\"canonical\" href=\"https:\/\/dwi.dk\/en\/zonescan-nb-lot\/\" \/>\n<meta property=\"og:locale\" content=\"en_US\" \/>\n<meta property=\"og:type\" content=\"article\" \/>\n<meta property=\"og:title\" content=\"ZONESCAN NB-loT - DWI\" \/>\n<meta property=\"og:description\" content=\"ZONESCAN NB-loT En permanent l\u00e6kagedetektionsoverv\u00e5gningsl\u00f8sning til n\u00e6ste generation \u2013 ved hj\u00e6lp af kunstig intelligens. ZONESCAN AI er den fuldt kompatible efterf\u00f8lgermodel til ZONESCAN NB-IoT, som opn\u00e5ede en verdensomsp\u00e6ndende installationsbase p\u00e5 over 50.000 loggere p\u00e5 mindre end fire \u00e5r. Har du sp\u00f8rgsm\u00e5l til ZONESCAN NB-loT? Du er altid velkommen til at kontakte os p\u00e5 telefon\u00a0+45 31 72 31 31, eller via formularen hvis du har sp\u00f8rgsm\u00e5l til produktet.\" \/>\n<meta property=\"og:url\" content=\"https:\/\/dwi.dk\/en\/zonescan-nb-lot\/\" \/>\n<meta property=\"og:site_name\" content=\"DWI\" \/>\n<meta property=\"article:publisher\" content=\"https:\/\/www.facebook.com\/firmaleifkoch\" \/>\n<meta property=\"article:modified_time\" content=\"2025-01-23T12:18:00+00:00\" \/>\n<meta property=\"og:image\" content=\"http:\/\/dwi.dk\/wp-content\/uploads\/2025\/01\/ZONESCAN_NB-IoT_Main_Image_-_logger_plus_antenna1-scaled.jpg\" \/>\n<meta name=\"twitter:card\" content=\"summary_large_image\" \/>\n<meta name=\"twitter:label1\" content=\"Est. reading time\" \/>\n\t<meta name=\"twitter:data1\" content=\"1 minute\" \/>\n<script type=\"application\/ld+json\" class=\"yoast-schema-graph\">{\"@context\":\"https:\\\/\\\/schema.org\",\"@graph\":[{\"@type\":\"WebPage\",\"@id\":\"https:\\\/\\\/dwi.dk\\\/zonescan-nb-lot\\\/\",\"url\":\"https:\\\/\\\/dwi.dk\\\/zonescan-nb-lot\\\/\",\"name\":\"ZONESCAN NB-loT - DWI\",\"isPartOf\":{\"@id\":\"https:\\\/\\\/dwi.dk\\\/#website\"},\"primaryImageOfPage\":{\"@id\":\"https:\\\/\\\/dwi.dk\\\/zonescan-nb-lot\\\/#primaryimage\"},\"image\":{\"@id\":\"https:\\\/\\\/dwi.dk\\\/zonescan-nb-lot\\\/#primaryimage\"},\"thumbnailUrl\":\"http:\\\/\\\/dwi.dk\\\/wp-content\\\/uploads\\\/2025\\\/01\\\/ZONESCAN_NB-IoT_Main_Image_-_logger_plus_antenna1-scaled.jpg\",\"datePublished\":\"2025-01-23T11:55:28+00:00\",\"dateModified\":\"2025-01-23T12:18:00+00:00\",\"breadcrumb\":{\"@id\":\"https:\\\/\\\/dwi.dk\\\/zonescan-nb-lot\\\/#breadcrumb\"},\"inLanguage\":\"en-US\",\"potentialAction\":[{\"@type\":\"ReadAction\",\"target\":[\"https:\\\/\\\/dwi.dk\\\/zonescan-nb-lot\\\/\"]}]},{\"@type\":\"ImageObject\",\"inLanguage\":\"en-US\",\"@id\":\"https:\\\/\\\/dwi.dk\\\/zonescan-nb-lot\\\/#primaryimage\",\"url\":\"http:\\\/\\\/dwi.dk\\\/wp-content\\\/uploads\\\/2025\\\/01\\\/ZONESCAN_NB-IoT_Main_Image_-_logger_plus_antenna1-scaled.jpg\",\"contentUrl\":\"http:\\\/\\\/dwi.dk\\\/wp-content\\\/uploads\\\/2025\\\/01\\\/ZONESCAN_NB-IoT_Main_Image_-_logger_plus_antenna1-scaled.jpg\"},{\"@type\":\"BreadcrumbList\",\"@id\":\"https:\\\/\\\/dwi.dk\\\/zonescan-nb-lot\\\/#breadcrumb\",\"itemListElement\":[{\"@type\":\"ListItem\",\"position\":1,\"name\":\"Hjem\",\"item\":\"https:\\\/\\\/dwi.dk\\\/\"},{\"@type\":\"ListItem\",\"position\":2,\"name\":\"ZONESCAN NB-loT\"}]},{\"@type\":\"WebSite\",\"@id\":\"https:\\\/\\\/dwi.dk\\\/#website\",\"url\":\"https:\\\/\\\/dwi.dk\\\/\",\"name\":\"DWI\",\"description\":\"L\u00e6kagesporing af professionelle l\u00e6kageoperat\u00f8rer\",\"publisher\":{\"@id\":\"https:\\\/\\\/dwi.dk\\\/#organization\"},\"potentialAction\":[{\"@type\":\"SearchAction\",\"target\":{\"@type\":\"EntryPoint\",\"urlTemplate\":\"https:\\\/\\\/dwi.dk\\\/?s={search_term_string}\"},\"query-input\":{\"@type\":\"PropertyValueSpecification\",\"valueRequired\":true,\"valueName\":\"search_term_string\"}}],\"inLanguage\":\"en-US\"},{\"@type\":\"Organization\",\"@id\":\"https:\\\/\\\/dwi.dk\\\/#organization\",\"name\":\"DWI\",\"url\":\"https:\\\/\\\/dwi.dk\\\/\",\"logo\":{\"@type\":\"ImageObject\",\"inLanguage\":\"en-US\",\"@id\":\"https:\\\/\\\/dwi.dk\\\/#\\\/schema\\\/logo\\\/image\\\/\",\"url\":\"http:\\\/\\\/dwi.dk\\\/wp-content\\\/uploads\\\/2022\\\/02\\\/Logo-leifkoch-2.png\",\"contentUrl\":\"http:\\\/\\\/dwi.dk\\\/wp-content\\\/uploads\\\/2022\\\/02\\\/Logo-leifkoch-2.png\",\"width\":275,\"height\":70,\"caption\":\"DWI\"},\"image\":{\"@id\":\"https:\\\/\\\/dwi.dk\\\/#\\\/schema\\\/logo\\\/image\\\/\"},\"sameAs\":[\"https:\\\/\\\/www.facebook.com\\\/firmaleifkoch\",\"https:\\\/\\\/www.linkedin.com\\\/company\\\/2576149\",\"https:\\\/\\\/www.youtube.com\\\/channel\\\/UC4mTQfh2skhYl1-JUcS17Gw\"]}]}<\/script>\n<!-- \/ Yoast SEO plugin. -->","yoast_head_json":{"title":"ZONESCAN NB-loT - DWI","robots":{"index":"index","follow":"follow","max-snippet":"max-snippet:-1","max-image-preview":"max-image-preview:large","max-video-preview":"max-video-preview:-1"},"canonical":"https:\/\/dwi.dk\/en\/zonescan-nb-lot\/","og_locale":"en_US","og_type":"article","og_title":"ZONESCAN NB-loT - DWI","og_description":"ZONESCAN NB-loT En permanent l\u00e6kagedetektionsoverv\u00e5gningsl\u00f8sning til n\u00e6ste generation \u2013 ved hj\u00e6lp af kunstig intelligens. ZONESCAN AI er den fuldt kompatible efterf\u00f8lgermodel til ZONESCAN NB-IoT, som opn\u00e5ede en verdensomsp\u00e6ndende installationsbase p\u00e5 over 50.000 loggere p\u00e5 mindre end fire \u00e5r. Har du sp\u00f8rgsm\u00e5l til ZONESCAN NB-loT? Du er altid velkommen til at kontakte os p\u00e5 telefon\u00a0+45 31 72 31 31, eller via formularen hvis du har sp\u00f8rgsm\u00e5l til produktet.","og_url":"https:\/\/dwi.dk\/en\/zonescan-nb-lot\/","og_site_name":"DWI","article_publisher":"https:\/\/www.facebook.com\/firmaleifkoch","article_modified_time":"2025-01-23T12:18:00+00:00","og_image":[{"url":"http:\/\/dwi.dk\/wp-content\/uploads\/2025\/01\/ZONESCAN_NB-IoT_Main_Image_-_logger_plus_antenna1-scaled.jpg","type":"","width":"","height":""}],"twitter_card":"summary_large_image","twitter_misc":{"Est. reading time":"1 minute"},"schema":{"@context":"https:\/\/schema.org","@graph":[{"@type":"WebPage","@id":"https:\/\/dwi.dk\/zonescan-nb-lot\/","url":"https:\/\/dwi.dk\/zonescan-nb-lot\/","name":"ZONESCAN NB-loT - DWI","isPartOf":{"@id":"https:\/\/dwi.dk\/#website"},"primaryImageOfPage":{"@id":"https:\/\/dwi.dk\/zonescan-nb-lot\/#primaryimage"},"image":{"@id":"https:\/\/dwi.dk\/zonescan-nb-lot\/#primaryimage"},"thumbnailUrl":"http:\/\/dwi.dk\/wp-content\/uploads\/2025\/01\/ZONESCAN_NB-IoT_Main_Image_-_logger_plus_antenna1-scaled.jpg","datePublished":"2025-01-23T11:55:28+00:00","dateModified":"2025-01-23T12:18:00+00:00","breadcrumb":{"@id":"https:\/\/dwi.dk\/zonescan-nb-lot\/#breadcrumb"},"inLanguage":"en-US","potentialAction":[{"@type":"ReadAction","target":["https:\/\/dwi.dk\/zonescan-nb-lot\/"]}]},{"@type":"ImageObject","inLanguage":"en-US","@id":"https:\/\/dwi.dk\/zonescan-nb-lot\/#primaryimage","url":"http:\/\/dwi.dk\/wp-content\/uploads\/2025\/01\/ZONESCAN_NB-IoT_Main_Image_-_logger_plus_antenna1-scaled.jpg","contentUrl":"http:\/\/dwi.dk\/wp-content\/uploads\/2025\/01\/ZONESCAN_NB-IoT_Main_Image_-_logger_plus_antenna1-scaled.jpg"},{"@type":"BreadcrumbList","@id":"https:\/\/dwi.dk\/zonescan-nb-lot\/#breadcrumb","itemListElement":[{"@type":"ListItem","position":1,"name":"Hjem","item":"https:\/\/dwi.dk\/"},{"@type":"ListItem","position":2,"name":"ZONESCAN NB-loT"}]},{"@type":"WebSite","@id":"https:\/\/dwi.dk\/#website","url":"https:\/\/dwi.dk\/","name":"DWI A \/ S","description":"Leak detection by professional leak operators","publisher":{"@id":"https:\/\/dwi.dk\/#organization"},"potentialAction":[{"@type":"SearchAction","target":{"@type":"EntryPoint","urlTemplate":"https:\/\/dwi.dk\/?s={search_term_string}"},"query-input":{"@type":"PropertyValueSpecification","valueRequired":true,"valueName":"search_term_string"}}],"inLanguage":"en-US"},{"@type":"Organization","@id":"https:\/\/dwi.dk\/#organization","name":"DWI A \/ S","url":"https:\/\/dwi.dk\/","logo":{"@type":"ImageObject","inLanguage":"en-US","@id":"https:\/\/dwi.dk\/#\/schema\/logo\/image\/","url":"http:\/\/dwi.dk\/wp-content\/uploads\/2022\/02\/Logo-leifkoch-2.png","contentUrl":"http:\/\/dwi.dk\/wp-content\/uploads\/2022\/02\/Logo-leifkoch-2.png","width":275,"height":70,"caption":"DWI"},"image":{"@id":"https:\/\/dwi.dk\/#\/schema\/logo\/image\/"},"sameAs":["https:\/\/www.facebook.com\/firmaleifkoch","https:\/\/www.linkedin.com\/company\/2576149","https:\/\/www.youtube.com\/channel\/UC4mTQfh2skhYl1-JUcS17Gw"]}]}},"_links":{"self":[{"href":"https:\/\/dwi.dk\/en\/wp-json\/wp\/v2\/pages\/4355","targetHints":{"allow":["GET"]}}],"collection":[{"href":"https:\/\/dwi.dk\/en\/wp-json\/wp\/v2\/pages"}],"about":[{"href":"https:\/\/dwi.dk\/en\/wp-json\/wp\/v2\/types\/page"}],"author":[{"embeddable":true,"href":"https:\/\/dwi.dk\/en\/wp-json\/wp\/v2\/users\/5"}],"replies":[{"embeddable":true,"href":"https:\/\/dwi.dk\/en\/wp-json\/wp\/v2\/comments?post=4355"}],"version-history":[{"count":5,"href":"https:\/\/dwi.dk\/en\/wp-json\/wp\/v2\/pages\/4355\/revisions"}],"predecessor-version":[{"id":4360,"href":"https:\/\/dwi.dk\/en\/wp-json\/wp\/v2\/pages\/4355\/revisions\/4360"}],"wp:attachment":[{"href":"https:\/\/dwi.dk\/en\/wp-json\/wp\/v2\/media?parent=4355"}],"curies":[{"name":"wp","href":"https:\/\/api.w.org\/{rel}","templated":true}]}}