{"id":318,"date":"2022-02-25T10:39:31","date_gmt":"2022-02-25T10:39:31","guid":{"rendered":"http:\/\/leifkoch.dk.linux134.unoeuro-server.com\/?page_id=318"},"modified":"2024-02-16T12:36:19","modified_gmt":"2024-02-16T12:36:19","slug":"controlmate-fm","status":"publish","type":"page","link":"https:\/\/dwi.dk\/en\/controlmate-fm\/","title":{"rendered":"ControlMate FM"},"content":{"rendered":"<div data-elementor-type=\"wp-page\" data-elementor-id=\"318\" class=\"elementor elementor-318\">\n\t\t\t\t\t\t<section class=\"elementor-section elementor-top-section elementor-element elementor-element-6ad3ae1f elementor-section-boxed elementor-section-height-default elementor-section-height-default wpr-particle-no wpr-jarallax-no wpr-parallax-no wpr-sticky-section-no wpr-equal-height-no\" data-id=\"6ad3ae1f\" data-element_type=\"section\" data-e-type=\"section\">\n\t\t\t\t\t\t<div class=\"elementor-container elementor-column-gap-wider\">\n\t\t\t\t\t<div class=\"elementor-column elementor-col-50 elementor-top-column elementor-element elementor-element-467a9e8d\" data-id=\"467a9e8d\" data-element_type=\"column\" data-e-type=\"column\">\n\t\t\t<div class=\"elementor-widget-wrap elementor-element-populated\">\n\t\t\t\t\t\t<div class=\"elementor-element elementor-element-2079acee elementor-widget elementor-widget-heading\" data-id=\"2079acee\" data-element_type=\"widget\" data-e-type=\"widget\" data-widget_type=\"heading.default\">\n\t\t\t\t<div class=\"elementor-widget-container\">\n\t\t\t\t\t<h2 class=\"elementor-heading-title elementor-size-default\">ControlMate FM<\/h2>\t\t\t\t<\/div>\n\t\t\t\t<\/div>\n\t\t\t\t<div class=\"elementor-element elementor-element-672eddf8 elementor-widget-divider--view-line elementor-widget elementor-widget-divider\" data-id=\"672eddf8\" data-element_type=\"widget\" data-e-type=\"widget\" data-widget_type=\"divider.default\">\n\t\t\t\t<div class=\"elementor-widget-container\">\n\t\t\t\t\t\t\t<div class=\"elementor-divider\">\n\t\t\t<span class=\"elementor-divider-separator\">\n\t\t\t\t\t\t<\/span>\n\t\t<\/div>\n\t\t\t\t\t\t<\/div>\n\t\t\t\t<\/div>\n\t\t\t\t<div class=\"elementor-element elementor-element-96308a3 elementor-widget elementor-widget-text-editor\" data-id=\"96308a3\" data-element_type=\"widget\" data-e-type=\"widget\" data-widget_type=\"text-editor.default\">\n\t\t\t\t<div class=\"elementor-widget-container\">\n\t\t\t\t\t\t\t\t\t<p><strong>Pressure control system<\/strong><\/p><p>With the ControlMate unit, you get intelligent pressure control with automatic flow and pressure control for e.g. reduction of water loss from leaks.<\/p><p>Automatically monitors flow and regulates pressure accordingly. With the built-in battery operation, the pressure control can be placed in all section wells without connection to 230VAC, and communication with the unit takes place via the mobile network (SMS \/ GSM).<\/p><p>Dynamic pressure control smoothes any pressure surges that are harmful to the pipe network, which prolongs the life of the pipes and always provides the desired amount of pressure to the consumer.<br \/>Battery operation with up to 5 years of operating time, after which you can simply change the battery.<\/p>\t\t\t\t\t\t\t\t<\/div>\n\t\t\t\t<\/div>\n\t\t\t\t<div class=\"elementor-element elementor-element-2f021497 elementor-widget elementor-widget-text-editor\" data-id=\"2f021497\" data-element_type=\"widget\" data-e-type=\"widget\" data-widget_type=\"text-editor.default\">\n\t\t\t\t<div class=\"elementor-widget-container\">\n\t\t\t\t\t\t\t\t\t<div class=\"simplefilediv\"><a href=\"http:\/\/dwi.dk\/wp-content\/uploads\/2022\/01\/ControlMate_DK1.pdf\" target=\"_blank\" rel=\"noopener\"><span id=\"Page_Layout_Elm3973625_FilePlaceHolderNameLabel\">Download Danish manual<\/span>\u00a0(<span id=\"Page_Layout_Elm3973625_FilePlaceHolderSizeLabel\">0.2 Mb<\/span>)<\/a><\/div>\t\t\t\t\t\t\t\t<\/div>\n\t\t\t\t<\/div>\n\t\t\t\t<div class=\"elementor-element elementor-element-6c03f9b5 elementor-widget elementor-widget-text-editor\" data-id=\"6c03f9b5\" data-element_type=\"widget\" data-e-type=\"widget\" data-widget_type=\"text-editor.default\">\n\t\t\t\t<div class=\"elementor-widget-container\">\n\t\t\t\t\t\t\t\t\t<div class=\"simplefilediv\"><a href=\"http:\/\/dwi.dk\/wp-content\/uploads\/2022\/01\/ControlMate_Leif-DWI_ENG1.pdf\" target=\"_blank\" rel=\"noopener\"><span id=\"Page_Layout_Elm3973625_FilePlaceHolderNameLabel\">Download English manual<\/span>\u00a0(<span id=\"Page_Layout_Elm3973625_FilePlaceHolderSizeLabel\">0.2 Mb<\/span>)<\/a><\/div>\t\t\t\t\t\t\t\t<\/div>\n\t\t\t\t<\/div>\n\t\t\t\t<div class=\"elementor-element elementor-element-68d88417 elementor-widget elementor-widget-image\" data-id=\"68d88417\" data-element_type=\"widget\" data-e-type=\"widget\" data-widget_type=\"image.default\">\n\t\t\t\t<div class=\"elementor-widget-container\">\n\t\t\t\t\t\t\t\t\t\t\t\t\t\t\t\t<a href=\"http:\/\/dwi.dk.linux134.unoeuro-server.com\/wp-content\/uploads\/2022\/02\/fbe0d8a8-ba2e-429e-bba6-25b4f1ef03b6Controlmate_25b15d.jpg\" data-elementor-open-lightbox=\"yes\" data-e-action-hash=\"#elementor-action%3Aaction%3Dlightbox%26settings%3DeyJpZCI6MzE5LCJ1cmwiOmZhbHNlfQ%3D%3D\">\n\t\t\t\t\t\t\t<img decoding=\"async\" src=\"http:\/\/dwi.dk.linux134.unoeuro-server.com\/wp-content\/uploads\/2022\/02\/fbe0d8a8-ba2e-429e-bba6-25b4f1ef03b6Controlmate_25b15d.jpg\" title=\"\" alt=\"\" loading=\"lazy\" \/>\t\t\t\t\t\t\t\t<\/a>\n\t\t\t\t\t\t\t\t\t\t\t\t\t\t\t<\/div>\n\t\t\t\t<\/div>\n\t\t\t\t\t<\/div>\n\t\t<\/div>\n\t\t\t\t<div class=\"elementor-column elementor-col-50 elementor-top-column elementor-element elementor-element-735b81f9\" data-id=\"735b81f9\" data-element_type=\"column\" data-e-type=\"column\" data-settings=\"{&quot;background_background&quot;:&quot;classic&quot;}\">\n\t\t\t<div class=\"elementor-widget-wrap elementor-element-populated\">\n\t\t\t\t\t\t<div class=\"elementor-element elementor-element-288e75d6 elementor-widget elementor-widget-image\" data-id=\"288e75d6\" data-element_type=\"widget\" data-e-type=\"widget\" data-widget_type=\"image.default\">\n\t\t\t\t<div class=\"elementor-widget-container\">\n\t\t\t\t\t\t\t\t\t\t\t\t\t\t\t\t<a href=\"http:\/\/dwi.dk.linux134.unoeuro-server.com\/wp-content\/uploads\/2022\/02\/26c2deae-f349-47f5-b0d2-92951871ba8cControlmate_15b15d.jpg\" data-elementor-open-lightbox=\"yes\" data-elementor-lightbox-title=\"26c2deae-f349-47f5-b0d2-92951871ba8cControlmate_15b15d.jpg\" data-e-action-hash=\"#elementor-action%3Aaction%3Dlightbox%26settings%3DeyJpZCI6MzAzLCJ1cmwiOiJodHRwczpcL1wvZHdpLmRrXC93cC1jb250ZW50XC91cGxvYWRzXC8yMDIyXC8wMlwvMjZjMmRlYWUtZjM0OS00N2Y1LWIwZDItOTI5NTE4NzFiYThjQ29udHJvbG1hdGVfMTViMTVkLmpwZyJ9\">\n\t\t\t\t\t\t\t<img fetchpriority=\"high\" decoding=\"async\" width=\"577\" height=\"577\" src=\"https:\/\/dwi.dk\/wp-content\/uploads\/2022\/02\/26c2deae-f349-47f5-b0d2-92951871ba8cControlmate_15b15d.jpg\" class=\"attachment-full size-full wp-image-303\" alt=\"\" srcset=\"https:\/\/dwi.dk\/wp-content\/uploads\/2022\/02\/26c2deae-f349-47f5-b0d2-92951871ba8cControlmate_15b15d.jpg 577w, https:\/\/dwi.dk\/wp-content\/uploads\/2022\/02\/26c2deae-f349-47f5-b0d2-92951871ba8cControlmate_15b15d-300x300.jpg 300w, https:\/\/dwi.dk\/wp-content\/uploads\/2022\/02\/26c2deae-f349-47f5-b0d2-92951871ba8cControlmate_15b15d-150x150.jpg 150w\" sizes=\"(max-width: 577px) 100vw, 577px\" \/>\t\t\t\t\t\t\t\t<\/a>\n\t\t\t\t\t\t\t\t\t\t\t\t\t\t\t<\/div>\n\t\t\t\t<\/div>\n\t\t\t\t<div class=\"elementor-element elementor-element-34eb12ac elementor-widget elementor-widget-heading\" data-id=\"34eb12ac\" data-element_type=\"widget\" data-e-type=\"widget\" data-widget_type=\"heading.default\">\n\t\t\t\t<div class=\"elementor-widget-container\">\n\t\t\t\t\t<h3 class=\"elementor-heading-title elementor-size-default\">Got a question for ControlMate FM?<\/h3>\t\t\t\t<\/div>\n\t\t\t\t<\/div>\n\t\t\t\t<div class=\"elementor-element elementor-element-2589419 elementor-widget elementor-widget-text-editor\" data-id=\"2589419\" data-element_type=\"widget\" data-e-type=\"widget\" data-widget_type=\"text-editor.default\">\n\t\t\t\t<div class=\"elementor-widget-container\">\n\t\t\t\t\t\t\t\t\t<p>You are always welcome to contact us by phone\u00a0<strong>+45 3172 3131<\/strong>, or via the form if you have questions about the product.<\/p>\t\t\t\t\t\t\t\t<\/div>\n\t\t\t\t<\/div>\n\t\t\t\t\t<\/div>\n\t\t<\/div>\n\t\t\t\t\t<\/div>\n\t\t<\/section>\n\t\t\t\t<\/div>","protected":false},"excerpt":{"rendered":"<p>ControlMate FM Trykstyringssystem Med ControlMate enheden, f\u00e5r du intelligent trykstyring med automatisk flow- og trykstying til bl.a. reduktion af vandtab fra l\u00e6kager. Overv\u00e5ger automatisk flow og regulerer trykket efter dette. Med den indbyggede batteridrift kan trykreguleringen placeres i alle sektionsbr\u00f8nde uden tilslutning til 230VAC, og kommunikation med enheden foreg\u00e5r via det mobile net (SMS\/GSM). Dynamisk trykregulering udglatter eventuelle trykst\u00f8d, der er skadelige for ledningsnettet, hvilket forl\u00e6nger r\u00f8renes levetid og giver altid det \u00f8nskede m\u00e6ngde tryk til forbrugeren.Batteridrift med op til 5 \u00e5rs drifttid, hvorefter man blot kan skifte batteriet. Hent Dansk manual\u00a0(0.2 Mb)Hent Engelsk manual\u00a0(0.2 Mb) Har du sp\u00f8rgsm\u00e5l til ControlMate FM? Du er altid velkommen til at kontakte os p\u00e5 telefon\u00a0+45 3172 3131, eller via formularen hvis du har sp\u00f8rgsm\u00e5l til produktet.<\/p>","protected":false},"author":5,"featured_media":0,"parent":0,"menu_order":0,"comment_status":"closed","ping_status":"closed","template":"","meta":{"_eb_attr":"","footnotes":""},"class_list":["post-318","page","type-page","status-publish","hentry"],"yoast_head":"<!-- This site is optimized with the Yoast SEO plugin v27.6 - https:\/\/yoast.com\/product\/yoast-seo-wordpress\/ -->\n<title>ControlMate FM - DWI<\/title>\n<meta name=\"robots\" content=\"index, follow, max-snippet:-1, max-image-preview:large, max-video-preview:-1\" \/>\n<link rel=\"canonical\" href=\"https:\/\/dwi.dk\/en\/controlmate-fm\/\" \/>\n<meta property=\"og:locale\" content=\"en_US\" \/>\n<meta property=\"og:type\" content=\"article\" \/>\n<meta property=\"og:title\" content=\"ControlMate FM - DWI\" \/>\n<meta property=\"og:description\" content=\"ControlMate FM Trykstyringssystem Med ControlMate enheden, f\u00e5r du intelligent trykstyring med automatisk flow- og trykstying til bl.a. reduktion af vandtab fra l\u00e6kager. Overv\u00e5ger automatisk flow og regulerer trykket efter dette. Med den indbyggede batteridrift kan trykreguleringen placeres i alle sektionsbr\u00f8nde uden tilslutning til 230VAC, og kommunikation med enheden foreg\u00e5r via det mobile net (SMS\/GSM). Dynamisk trykregulering udglatter eventuelle trykst\u00f8d, der er skadelige for ledningsnettet, hvilket forl\u00e6nger r\u00f8renes levetid og giver altid det \u00f8nskede m\u00e6ngde tryk til forbrugeren.Batteridrift med op til 5 \u00e5rs drifttid, hvorefter man blot kan skifte batteriet. Hent Dansk manual\u00a0(0.2 Mb)Hent Engelsk manual\u00a0(0.2 Mb) Har du sp\u00f8rgsm\u00e5l til ControlMate FM? Du er altid velkommen til at kontakte os p\u00e5 telefon\u00a0+45 3172 3131, eller via formularen hvis du har sp\u00f8rgsm\u00e5l til produktet.\" \/>\n<meta property=\"og:url\" content=\"https:\/\/dwi.dk\/en\/controlmate-fm\/\" \/>\n<meta property=\"og:site_name\" content=\"DWI\" \/>\n<meta property=\"article:publisher\" content=\"https:\/\/www.facebook.com\/firmaleifkoch\" \/>\n<meta property=\"article:modified_time\" content=\"2024-02-16T12:36:19+00:00\" \/>\n<meta property=\"og:image\" content=\"http:\/\/dwi.dk\/wp-content\/uploads\/2022\/02\/fbe0d8a8-ba2e-429e-bba6-25b4f1ef03b6Controlmate_25b15d.jpg\" \/>\n<meta name=\"twitter:card\" content=\"summary_large_image\" \/>\n<meta name=\"twitter:label1\" content=\"Est. reading time\" \/>\n\t<meta name=\"twitter:data1\" content=\"2 minutes\" \/>\n<script type=\"application\/ld+json\" class=\"yoast-schema-graph\">{\"@context\":\"https:\\\/\\\/schema.org\",\"@graph\":[{\"@type\":\"WebPage\",\"@id\":\"https:\\\/\\\/dwi.dk\\\/controlmate-fm\\\/\",\"url\":\"https:\\\/\\\/dwi.dk\\\/controlmate-fm\\\/\",\"name\":\"ControlMate FM - DWI\",\"isPartOf\":{\"@id\":\"https:\\\/\\\/dwi.dk\\\/#website\"},\"primaryImageOfPage\":{\"@id\":\"https:\\\/\\\/dwi.dk\\\/controlmate-fm\\\/#primaryimage\"},\"image\":{\"@id\":\"https:\\\/\\\/dwi.dk\\\/controlmate-fm\\\/#primaryimage\"},\"thumbnailUrl\":\"http:\\\/\\\/dwi.dk\\\/wp-content\\\/uploads\\\/2022\\\/02\\\/fbe0d8a8-ba2e-429e-bba6-25b4f1ef03b6Controlmate_25b15d.jpg\",\"datePublished\":\"2022-02-25T10:39:31+00:00\",\"dateModified\":\"2024-02-16T12:36:19+00:00\",\"breadcrumb\":{\"@id\":\"https:\\\/\\\/dwi.dk\\\/controlmate-fm\\\/#breadcrumb\"},\"inLanguage\":\"en-US\",\"potentialAction\":[{\"@type\":\"ReadAction\",\"target\":[\"https:\\\/\\\/dwi.dk\\\/controlmate-fm\\\/\"]}]},{\"@type\":\"ImageObject\",\"inLanguage\":\"en-US\",\"@id\":\"https:\\\/\\\/dwi.dk\\\/controlmate-fm\\\/#primaryimage\",\"url\":\"http:\\\/\\\/dwi.dk\\\/wp-content\\\/uploads\\\/2022\\\/02\\\/fbe0d8a8-ba2e-429e-bba6-25b4f1ef03b6Controlmate_25b15d.jpg\",\"contentUrl\":\"http:\\\/\\\/dwi.dk\\\/wp-content\\\/uploads\\\/2022\\\/02\\\/fbe0d8a8-ba2e-429e-bba6-25b4f1ef03b6Controlmate_25b15d.jpg\"},{\"@type\":\"BreadcrumbList\",\"@id\":\"https:\\\/\\\/dwi.dk\\\/controlmate-fm\\\/#breadcrumb\",\"itemListElement\":[{\"@type\":\"ListItem\",\"position\":1,\"name\":\"Hjem\",\"item\":\"https:\\\/\\\/dwi.dk\\\/\"},{\"@type\":\"ListItem\",\"position\":2,\"name\":\"ControlMate FM\"}]},{\"@type\":\"WebSite\",\"@id\":\"https:\\\/\\\/dwi.dk\\\/#website\",\"url\":\"https:\\\/\\\/dwi.dk\\\/\",\"name\":\"DWI\",\"description\":\"L\u00e6kagesporing af professionelle l\u00e6kageoperat\u00f8rer\",\"publisher\":{\"@id\":\"https:\\\/\\\/dwi.dk\\\/#organization\"},\"potentialAction\":[{\"@type\":\"SearchAction\",\"target\":{\"@type\":\"EntryPoint\",\"urlTemplate\":\"https:\\\/\\\/dwi.dk\\\/?s={search_term_string}\"},\"query-input\":{\"@type\":\"PropertyValueSpecification\",\"valueRequired\":true,\"valueName\":\"search_term_string\"}}],\"inLanguage\":\"en-US\"},{\"@type\":\"Organization\",\"@id\":\"https:\\\/\\\/dwi.dk\\\/#organization\",\"name\":\"DWI\",\"url\":\"https:\\\/\\\/dwi.dk\\\/\",\"logo\":{\"@type\":\"ImageObject\",\"inLanguage\":\"en-US\",\"@id\":\"https:\\\/\\\/dwi.dk\\\/#\\\/schema\\\/logo\\\/image\\\/\",\"url\":\"http:\\\/\\\/dwi.dk\\\/wp-content\\\/uploads\\\/2022\\\/02\\\/Logo-leifkoch-2.png\",\"contentUrl\":\"http:\\\/\\\/dwi.dk\\\/wp-content\\\/uploads\\\/2022\\\/02\\\/Logo-leifkoch-2.png\",\"width\":275,\"height\":70,\"caption\":\"DWI\"},\"image\":{\"@id\":\"https:\\\/\\\/dwi.dk\\\/#\\\/schema\\\/logo\\\/image\\\/\"},\"sameAs\":[\"https:\\\/\\\/www.facebook.com\\\/firmaleifkoch\",\"https:\\\/\\\/www.linkedin.com\\\/company\\\/2576149\",\"https:\\\/\\\/www.youtube.com\\\/channel\\\/UC4mTQfh2skhYl1-JUcS17Gw\"]}]}<\/script>\n<!-- \/ Yoast SEO plugin. -->","yoast_head_json":{"title":"ControlMate FM - DWI","robots":{"index":"index","follow":"follow","max-snippet":"max-snippet:-1","max-image-preview":"max-image-preview:large","max-video-preview":"max-video-preview:-1"},"canonical":"https:\/\/dwi.dk\/en\/controlmate-fm\/","og_locale":"en_US","og_type":"article","og_title":"ControlMate FM - DWI","og_description":"ControlMate FM Trykstyringssystem Med ControlMate enheden, f\u00e5r du intelligent trykstyring med automatisk flow- og trykstying til bl.a. reduktion af vandtab fra l\u00e6kager. Overv\u00e5ger automatisk flow og regulerer trykket efter dette. Med den indbyggede batteridrift kan trykreguleringen placeres i alle sektionsbr\u00f8nde uden tilslutning til 230VAC, og kommunikation med enheden foreg\u00e5r via det mobile net (SMS\/GSM). Dynamisk trykregulering udglatter eventuelle trykst\u00f8d, der er skadelige for ledningsnettet, hvilket forl\u00e6nger r\u00f8renes levetid og giver altid det \u00f8nskede m\u00e6ngde tryk til forbrugeren.Batteridrift med op til 5 \u00e5rs drifttid, hvorefter man blot kan skifte batteriet. Hent Dansk manual\u00a0(0.2 Mb)Hent Engelsk manual\u00a0(0.2 Mb) Har du sp\u00f8rgsm\u00e5l til ControlMate FM? Du er altid velkommen til at kontakte os p\u00e5 telefon\u00a0+45 3172 3131, eller via formularen hvis du har sp\u00f8rgsm\u00e5l til produktet.","og_url":"https:\/\/dwi.dk\/en\/controlmate-fm\/","og_site_name":"DWI","article_publisher":"https:\/\/www.facebook.com\/firmaleifkoch","article_modified_time":"2024-02-16T12:36:19+00:00","og_image":[{"url":"http:\/\/dwi.dk\/wp-content\/uploads\/2022\/02\/fbe0d8a8-ba2e-429e-bba6-25b4f1ef03b6Controlmate_25b15d.jpg","type":"","width":"","height":""}],"twitter_card":"summary_large_image","twitter_misc":{"Est. reading time":"2 minutes"},"schema":{"@context":"https:\/\/schema.org","@graph":[{"@type":"WebPage","@id":"https:\/\/dwi.dk\/controlmate-fm\/","url":"https:\/\/dwi.dk\/controlmate-fm\/","name":"ControlMate FM - DWI","isPartOf":{"@id":"https:\/\/dwi.dk\/#website"},"primaryImageOfPage":{"@id":"https:\/\/dwi.dk\/controlmate-fm\/#primaryimage"},"image":{"@id":"https:\/\/dwi.dk\/controlmate-fm\/#primaryimage"},"thumbnailUrl":"http:\/\/dwi.dk\/wp-content\/uploads\/2022\/02\/fbe0d8a8-ba2e-429e-bba6-25b4f1ef03b6Controlmate_25b15d.jpg","datePublished":"2022-02-25T10:39:31+00:00","dateModified":"2024-02-16T12:36:19+00:00","breadcrumb":{"@id":"https:\/\/dwi.dk\/controlmate-fm\/#breadcrumb"},"inLanguage":"en-US","potentialAction":[{"@type":"ReadAction","target":["https:\/\/dwi.dk\/controlmate-fm\/"]}]},{"@type":"ImageObject","inLanguage":"en-US","@id":"https:\/\/dwi.dk\/controlmate-fm\/#primaryimage","url":"http:\/\/dwi.dk\/wp-content\/uploads\/2022\/02\/fbe0d8a8-ba2e-429e-bba6-25b4f1ef03b6Controlmate_25b15d.jpg","contentUrl":"http:\/\/dwi.dk\/wp-content\/uploads\/2022\/02\/fbe0d8a8-ba2e-429e-bba6-25b4f1ef03b6Controlmate_25b15d.jpg"},{"@type":"BreadcrumbList","@id":"https:\/\/dwi.dk\/controlmate-fm\/#breadcrumb","itemListElement":[{"@type":"ListItem","position":1,"name":"Hjem","item":"https:\/\/dwi.dk\/"},{"@type":"ListItem","position":2,"name":"ControlMate FM"}]},{"@type":"WebSite","@id":"https:\/\/dwi.dk\/#website","url":"https:\/\/dwi.dk\/","name":"DWI A \/ S","description":"Leak detection by professional leak operators","publisher":{"@id":"https:\/\/dwi.dk\/#organization"},"potentialAction":[{"@type":"SearchAction","target":{"@type":"EntryPoint","urlTemplate":"https:\/\/dwi.dk\/?s={search_term_string}"},"query-input":{"@type":"PropertyValueSpecification","valueRequired":true,"valueName":"search_term_string"}}],"inLanguage":"en-US"},{"@type":"Organization","@id":"https:\/\/dwi.dk\/#organization","name":"DWI A \/ S","url":"https:\/\/dwi.dk\/","logo":{"@type":"ImageObject","inLanguage":"en-US","@id":"https:\/\/dwi.dk\/#\/schema\/logo\/image\/","url":"http:\/\/dwi.dk\/wp-content\/uploads\/2022\/02\/Logo-leifkoch-2.png","contentUrl":"http:\/\/dwi.dk\/wp-content\/uploads\/2022\/02\/Logo-leifkoch-2.png","width":275,"height":70,"caption":"DWI"},"image":{"@id":"https:\/\/dwi.dk\/#\/schema\/logo\/image\/"},"sameAs":["https:\/\/www.facebook.com\/firmaleifkoch","https:\/\/www.linkedin.com\/company\/2576149","https:\/\/www.youtube.com\/channel\/UC4mTQfh2skhYl1-JUcS17Gw"]}]}},"_links":{"self":[{"href":"https:\/\/dwi.dk\/en\/wp-json\/wp\/v2\/pages\/318","targetHints":{"allow":["GET"]}}],"collection":[{"href":"https:\/\/dwi.dk\/en\/wp-json\/wp\/v2\/pages"}],"about":[{"href":"https:\/\/dwi.dk\/en\/wp-json\/wp\/v2\/types\/page"}],"author":[{"embeddable":true,"href":"https:\/\/dwi.dk\/en\/wp-json\/wp\/v2\/users\/5"}],"replies":[{"embeddable":true,"href":"https:\/\/dwi.dk\/en\/wp-json\/wp\/v2\/comments?post=318"}],"version-history":[{"count":12,"href":"https:\/\/dwi.dk\/en\/wp-json\/wp\/v2\/pages\/318\/revisions"}],"predecessor-version":[{"id":3512,"href":"https:\/\/dwi.dk\/en\/wp-json\/wp\/v2\/pages\/318\/revisions\/3512"}],"wp:attachment":[{"href":"https:\/\/dwi.dk\/en\/wp-json\/wp\/v2\/media?parent=318"}],"curies":[{"name":"wp","href":"https:\/\/api.w.org\/{rel}","templated":true}]}}